{"id":6518,"date":"2022-08-31T12:05:09","date_gmt":"2022-08-31T10:05:09","guid":{"rendered":"https:\/\/www.konstantin-starke-new-york.com\/?page_id=6518"},"modified":"2022-08-31T12:32:26","modified_gmt":"2022-08-31T10:32:26","slug":"imprint","status":"publish","type":"page","link":"https:\/\/www.konstantin-starke-new-york.com\/en\/imprint\/","title":{"rendered":"IMPRINT"},"content":{"rendered":"<h1>IMPRINT \/ LEGAL NOTICE<\/h1>\n<div>\n<div class=\"uk-panel uk-margin\">\n<section id=\"main\">\n<article class=\"half-height article-padding\">\n<div class=\"col-2 alpha\">\n<p>GEB Schuh-Gro\u00dfeinkaufs-Bund GmbH &amp; Co. KG<\/p>\n<p>District Court Essen <span>|<\/span> COR 4414 <span>|<\/span> VAT-No. DE 119880347<\/p>\n<\/div>\n<div class=\"col-half alpha\">\n<p>Sch\u00f6nleinstra\u00dfe 46 <br \/>45131 Essen <br \/>P.O. 340146 <br \/>45073 Essen<\/p>\n<\/div>\n<div class=\"col-half omega\">\n<p>Tel. +49 201 72086-0 <br \/>Fax +49 201 72086-42 <br \/>Email: <a>geb@geb-essen.de<\/a><\/p>\n<\/div>\n<div class=\"col-2 alpha\">\n<p>Ltd. Partner: GEB-SCHUH-GRO\u00dfEINKAUFS-BUND GMBH<\/p>\n<p>Managing Directors: Thed Br\u00fccher<\/p>\n<\/div>\n<\/article>\n<\/section>\n<\/div>\n<\/div>\n<p><!--more--><br \/>\n<!-- {\"name\":\"DE - impressum\",\"type\":\"layout\",\"children\":[{\"type\":\"section\",\"props\":{\"style\":\"default\",\"width\":\"default\",\"vertical_align\":\"middle\",\"title_position\":\"top-left\",\"title_rotation\":\"left\",\"title_breakpoint\":\"xl\",\"image_position\":\"center-center\"},\"children\":[{\"type\":\"row\",\"children\":[{\"type\":\"column\",\"props\":{\"position_sticky_breakpoint\":\"m\",\"image_position\":\"center-center\",\"media_overlay_gradient\":\"\"},\"children\":[{\"type\":\"headline\",\"props\":{\"title_element\":\"h1\",\"content\":\"IMPRINT \\\/ LEGAL NOTICE\",\"title_style\":\"h3\"}}]}]},{\"type\":\"row\",\"children\":[{\"type\":\"column\",\"props\":{\"position_sticky_breakpoint\":\"m\",\"image_position\":\"center-center\",\"media_overlay_gradient\":\"\"},\"children\":[{\"type\":\"text\",\"props\":{\"margin\":\"default\",\"column_breakpoint\":\"m\",\"content\":\"\n\n<div class=\\\"uk-panel uk-margin\\\">\\n\n\n<section id=\\\"main\\\">\\n\n\n<article class=\\\"half-height article-padding\\\">\\n\n\n<div class=\\\"col-2 alpha\\\">\\n\n\n<p>GEB Schuh-Gro\\u00dfeinkaufs-Bund GmbH &amp; Co. KG<\\\/p>\\n\n\n<p>District Court Essen <span>|<\\\/span> COR 4414 <span>|<\\\/span> VAT-No. DE 119880347<\\\/p>\\n<\\\/div>\\n\n\n<div class=\\\"col-half alpha\\\">\\n\n\n<p>Sch\\u00f6nleinstra\\u00dfe 46 <br \\\/>45131 Essen <br \\\/>P.O. 340146 <br \\\/>45073 Essen<\\\/p>\\n<\\\/div>\\n\n\n<div class=\\\"col-half omega\\\">\\n\n\n<p>Tel. +49 201 72086-0 <br \\\/>Fax +49 201 72086-42 <br \\\/>Email: <a>geb@geb-essen.de<\\\/a><\\\/p>\\n<\\\/div>\\n\n\n<div class=\\\"col-2 alpha\\\">\\n\n\n<p>Ltd. Partner: GEB-SCHUH-GRO\\u00dfEINKAUFS-BUND GMBH<\\\/p>\\n\n\n<p>Managing Directors: Thed Br\\u00fccher<\\\/p>\\n<\\\/div>\\n<\\\/article>\\n<\\\/section>\\n<\\\/div>\"}}]}]}]}],\"version\":\"2.7.24\"} --><\/p>\n","protected":false},"excerpt":{"rendered":"<p>IMPRINT \/ LEGAL NOTICE GEB Schuh-Gro\u00dfeinkaufs-Bund GmbH &amp; Co. KG District Court Essen | COR 4414 | VAT-No. DE 119880347 Sch\u00f6nleinstra\u00dfe 46 45131 Essen P.O. 340146 45073 Essen Tel. +49 201 72086-0 Fax +49 201 72086-42 Email: geb@geb-essen.de Ltd. Partner: GEB-SCHUH-GRO\u00dfEINKAUFS-BUND GMBH Managing Directors: Thed Br\u00fccher<\/p>\n","protected":false},"author":1,"featured_media":0,"parent":0,"menu_order":0,"comment_status":"closed","ping_status":"closed","template":"","meta":{"footnotes":""},"class_list":["post-6518","page","type-page","status-publish","hentry"],"yoast_head":"<!-- This site is optimized with the Yoast SEO plugin v27.4 - https:\/\/yoast.com\/product\/yoast-seo-wordpress\/ -->\n<title>IMPRINT - Konstantin Starke<\/title>\n<meta name=\"robots\" content=\"index, follow, max-snippet:-1, max-image-preview:large, max-video-preview:-1\" \/>\n<link rel=\"canonical\" href=\"https:\/\/www.konstantin-starke-new-york.com\/en\/imprint\/\" \/>\n<meta property=\"og:locale\" content=\"en_US\" \/>\n<meta property=\"og:type\" content=\"article\" \/>\n<meta property=\"og:title\" content=\"IMPRINT - Konstantin Starke\" \/>\n<meta property=\"og:description\" content=\"IMPRINT \/ LEGAL NOTICE GEB Schuh-Gro\u00dfeinkaufs-Bund GmbH &amp; Co. KG District Court Essen | COR 4414 | VAT-No. DE 119880347 Sch\u00f6nleinstra\u00dfe 46 45131 Essen P.O. 340146 45073 Essen Tel. +49 201 72086-0 Fax +49 201 72086-42 Email: geb@geb-essen.de Ltd. Partner: GEB-SCHUH-GRO\u00dfEINKAUFS-BUND GMBH Managing Directors: Thed Br\u00fccher\" \/>\n<meta property=\"og:url\" content=\"https:\/\/www.konstantin-starke-new-york.com\/en\/imprint\/\" \/>\n<meta property=\"og:site_name\" content=\"Konstantin Starke\" \/>\n<meta property=\"article:modified_time\" content=\"2022-08-31T10:32:26+00:00\" \/>\n<meta name=\"twitter:card\" content=\"summary_large_image\" \/>\n<script type=\"application\/ld+json\" class=\"yoast-schema-graph\">{\"@context\":\"https:\\\/\\\/schema.org\",\"@graph\":[{\"@type\":\"WebPage\",\"@id\":\"https:\\\/\\\/www.konstantin-starke-new-york.com\\\/en\\\/imprint\\\/\",\"url\":\"https:\\\/\\\/www.konstantin-starke-new-york.com\\\/en\\\/imprint\\\/\",\"name\":\"IMPRINT - Konstantin Starke\",\"isPartOf\":{\"@id\":\"https:\\\/\\\/www.konstantin-starke-new-york.com\\\/#website\"},\"datePublished\":\"2022-08-31T10:05:09+00:00\",\"dateModified\":\"2022-08-31T10:32:26+00:00\",\"breadcrumb\":{\"@id\":\"https:\\\/\\\/www.konstantin-starke-new-york.com\\\/en\\\/imprint\\\/#breadcrumb\"},\"inLanguage\":\"en-US\",\"potentialAction\":[{\"@type\":\"ReadAction\",\"target\":[\"https:\\\/\\\/www.konstantin-starke-new-york.com\\\/en\\\/imprint\\\/\"]}]},{\"@type\":\"BreadcrumbList\",\"@id\":\"https:\\\/\\\/www.konstantin-starke-new-york.com\\\/en\\\/imprint\\\/#breadcrumb\",\"itemListElement\":[{\"@type\":\"ListItem\",\"position\":1,\"name\":\"Startseite\",\"item\":\"https:\\\/\\\/www.konstantin-starke-new-york.com\\\/\"},{\"@type\":\"ListItem\",\"position\":2,\"name\":\"IMPRINT\"}]},{\"@type\":\"WebSite\",\"@id\":\"https:\\\/\\\/www.konstantin-starke-new-york.com\\\/#website\",\"url\":\"https:\\\/\\\/www.konstantin-starke-new-york.com\\\/\",\"name\":\"Konstantin Starke\",\"description\":\"New York\",\"publisher\":{\"@id\":\"https:\\\/\\\/www.konstantin-starke-new-york.com\\\/#organization\"},\"potentialAction\":[{\"@type\":\"SearchAction\",\"target\":{\"@type\":\"EntryPoint\",\"urlTemplate\":\"https:\\\/\\\/www.konstantin-starke-new-york.com\\\/?s={search_term_string}\"},\"query-input\":{\"@type\":\"PropertyValueSpecification\",\"valueRequired\":true,\"valueName\":\"search_term_string\"}}],\"inLanguage\":\"en-US\"},{\"@type\":\"Organization\",\"@id\":\"https:\\\/\\\/www.konstantin-starke-new-york.com\\\/#organization\",\"name\":\"Konstantin Starke New York\",\"url\":\"https:\\\/\\\/www.konstantin-starke-new-york.com\\\/\",\"logo\":{\"@type\":\"ImageObject\",\"inLanguage\":\"en-US\",\"@id\":\"https:\\\/\\\/www.konstantin-starke-new-york.com\\\/#\\\/schema\\\/logo\\\/image\\\/\",\"url\":\"http:\\\/\\\/87.230.26.37\\\/wp-content\\\/uploads\\\/2021\\\/08\\\/KSNY_LTC_18.jpg\",\"contentUrl\":\"http:\\\/\\\/87.230.26.37\\\/wp-content\\\/uploads\\\/2021\\\/08\\\/KSNY_LTC_18.jpg\",\"width\":1181,\"height\":1181,\"caption\":\"Konstantin Starke New York\"},\"image\":{\"@id\":\"https:\\\/\\\/www.konstantin-starke-new-york.com\\\/#\\\/schema\\\/logo\\\/image\\\/\"}}]}<\/script>\n<!-- \/ Yoast SEO plugin. -->","yoast_head_json":{"title":"IMPRINT - Konstantin Starke","robots":{"index":"index","follow":"follow","max-snippet":"max-snippet:-1","max-image-preview":"max-image-preview:large","max-video-preview":"max-video-preview:-1"},"canonical":"https:\/\/www.konstantin-starke-new-york.com\/en\/imprint\/","og_locale":"en_US","og_type":"article","og_title":"IMPRINT - Konstantin Starke","og_description":"IMPRINT \/ LEGAL NOTICE GEB Schuh-Gro\u00dfeinkaufs-Bund GmbH &amp; Co. KG District Court Essen | COR 4414 | VAT-No. DE 119880347 Sch\u00f6nleinstra\u00dfe 46 45131 Essen P.O. 340146 45073 Essen Tel. +49 201 72086-0 Fax +49 201 72086-42 Email: geb@geb-essen.de Ltd. Partner: GEB-SCHUH-GRO\u00dfEINKAUFS-BUND GMBH Managing Directors: Thed Br\u00fccher","og_url":"https:\/\/www.konstantin-starke-new-york.com\/en\/imprint\/","og_site_name":"Konstantin Starke","article_modified_time":"2022-08-31T10:32:26+00:00","twitter_card":"summary_large_image","schema":{"@context":"https:\/\/schema.org","@graph":[{"@type":"WebPage","@id":"https:\/\/www.konstantin-starke-new-york.com\/en\/imprint\/","url":"https:\/\/www.konstantin-starke-new-york.com\/en\/imprint\/","name":"IMPRINT - Konstantin Starke","isPartOf":{"@id":"https:\/\/www.konstantin-starke-new-york.com\/#website"},"datePublished":"2022-08-31T10:05:09+00:00","dateModified":"2022-08-31T10:32:26+00:00","breadcrumb":{"@id":"https:\/\/www.konstantin-starke-new-york.com\/en\/imprint\/#breadcrumb"},"inLanguage":"en-US","potentialAction":[{"@type":"ReadAction","target":["https:\/\/www.konstantin-starke-new-york.com\/en\/imprint\/"]}]},{"@type":"BreadcrumbList","@id":"https:\/\/www.konstantin-starke-new-york.com\/en\/imprint\/#breadcrumb","itemListElement":[{"@type":"ListItem","position":1,"name":"Startseite","item":"https:\/\/www.konstantin-starke-new-york.com\/"},{"@type":"ListItem","position":2,"name":"IMPRINT"}]},{"@type":"WebSite","@id":"https:\/\/www.konstantin-starke-new-york.com\/#website","url":"https:\/\/www.konstantin-starke-new-york.com\/","name":"Konstantin Starke","description":"New York","publisher":{"@id":"https:\/\/www.konstantin-starke-new-york.com\/#organization"},"potentialAction":[{"@type":"SearchAction","target":{"@type":"EntryPoint","urlTemplate":"https:\/\/www.konstantin-starke-new-york.com\/?s={search_term_string}"},"query-input":{"@type":"PropertyValueSpecification","valueRequired":true,"valueName":"search_term_string"}}],"inLanguage":"en-US"},{"@type":"Organization","@id":"https:\/\/www.konstantin-starke-new-york.com\/#organization","name":"Konstantin Starke New York","url":"https:\/\/www.konstantin-starke-new-york.com\/","logo":{"@type":"ImageObject","inLanguage":"en-US","@id":"https:\/\/www.konstantin-starke-new-york.com\/#\/schema\/logo\/image\/","url":"http:\/\/87.230.26.37\/wp-content\/uploads\/2021\/08\/KSNY_LTC_18.jpg","contentUrl":"http:\/\/87.230.26.37\/wp-content\/uploads\/2021\/08\/KSNY_LTC_18.jpg","width":1181,"height":1181,"caption":"Konstantin Starke New York"},"image":{"@id":"https:\/\/www.konstantin-starke-new-york.com\/#\/schema\/logo\/image\/"}}]}},"_links":{"self":[{"href":"https:\/\/www.konstantin-starke-new-york.com\/en\/wp-json\/wp\/v2\/pages\/6518","targetHints":{"allow":["GET"]}}],"collection":[{"href":"https:\/\/www.konstantin-starke-new-york.com\/en\/wp-json\/wp\/v2\/pages"}],"about":[{"href":"https:\/\/www.konstantin-starke-new-york.com\/en\/wp-json\/wp\/v2\/types\/page"}],"author":[{"embeddable":true,"href":"https:\/\/www.konstantin-starke-new-york.com\/en\/wp-json\/wp\/v2\/users\/1"}],"replies":[{"embeddable":true,"href":"https:\/\/www.konstantin-starke-new-york.com\/en\/wp-json\/wp\/v2\/comments?post=6518"}],"version-history":[{"count":7,"href":"https:\/\/www.konstantin-starke-new-york.com\/en\/wp-json\/wp\/v2\/pages\/6518\/revisions"}],"predecessor-version":[{"id":6568,"href":"https:\/\/www.konstantin-starke-new-york.com\/en\/wp-json\/wp\/v2\/pages\/6518\/revisions\/6568"}],"wp:attachment":[{"href":"https:\/\/www.konstantin-starke-new-york.com\/en\/wp-json\/wp\/v2\/media?parent=6518"}],"curies":[{"name":"wp","href":"https:\/\/api.w.org\/{rel}","templated":true}]}}